{"id":3625,"date":"2023-11-03T00:18:08","date_gmt":"2023-11-02T23:18:08","guid":{"rendered":"http:\/\/grossartigesoelvorkommen.de\/?page_id=3625"},"modified":"2023-11-04T06:46:59","modified_gmt":"2023-11-04T05:46:59","slug":"datenschutz","status":"publish","type":"page","link":"https:\/\/grossartigesoelvorkommen.de\/?page_id=3625","title":{"rendered":"Datenschutz"},"content":{"rendered":"<div id=\"\u00dcber\" class=\"fusion-container-anchor\"><div class=\"fusion-bg-parallax\" data-bg-align=\"center top\" data-direction=\"up\" data-mute=\"false\" data-opacity=\"100\" data-velocity=\"-0.2\" data-mobile-enabled=\"false\" data-break_parents=\"0\" data-bg-image=\"http:\/\/grossartigesoelvorkommen.de\/wp-content\/uploads\/2023\/11\/clouds-parallax-middle-Kopie-2-scaled.jpg\" data-bg-repeat=\"false\" data-bg-gradient-type=\"linear\" data-bg-gradient-angle=\"180\" data-bg-gradient-start-color=\"var(--awb-color3)\" data-bg-gradient-start-position=\"13\" data-bg-gradient-end-color=\"rgba(89,112,103,0.57)\" data-bg-gradient-end-position=\"22\" data-bg-radial-direction=\"center center\" ><\/div><div class=\"fusion-fullwidth fullwidth-box fusion-builder-row-1 fusion-flex-container fusion-parallax-up nonhundred-percent-fullwidth non-hundred-percent-height-scrolling lazyload\" style=\"--awb-background-position:center top;--awb-border-sizes-top:0px;--awb-border-sizes-bottom:0px;--awb-border-sizes-left:0px;--awb-border-sizes-right:0px;--awb-border-color:var(--awb-color4);--awb-border-radius-top-left:0px;--awb-border-radius-top-right:0px;--awb-border-radius-bottom-right:0px;--awb-border-radius-bottom-left:0px;--awb-padding-top:222px;--awb-padding-bottom:50px;--awb-padding-top-small:30px;--awb-padding-bottom-small:10px;--awb-margin-top:0px;--awb-margin-bottom:0px;--awb-background-image:linear-gradient(180deg, var(--awb-color3) 13%,rgba(89,112,103,0.57) 22%);;--awb-background-size:cover;--awb-flex-wrap:wrap;\" data-bg=\"http:\/\/grossartigesoelvorkommen.de\/wp-content\/uploads\/2023\/11\/clouds-parallax-middle-Kopie-2-scaled.jpg\" data-bg-gradient=\"linear-gradient(180deg, var(--awb-color3) 13%,rgba(89,112,103,0.57) 22%)\" ><div class=\"fusion-builder-row fusion-row fusion-flex-align-items-center fusion-flex-content-wrap\" style=\"max-width:1216.8px;margin-left: calc(-4% \/ 2 );margin-right: calc(-4% \/ 2 );\"><div class=\"fusion-layout-column fusion_builder_column fusion-builder-column-0 fusion_builder_column_1_1 1_1 fusion-flex-column fusion-flex-align-self-flex-start fusion-animated\" style=\"--awb-bg-size:cover;--awb-width-large:100%;--awb-margin-top-large:20px;--awb-spacing-right-large:1.92%;--awb-margin-bottom-large:20px;--awb-spacing-left-large:1.92%;--awb-width-medium:40%;--awb-spacing-right-medium:4.8%;--awb-spacing-left-medium:9.6%;--awb-width-small:100%;--awb-order-small:1;--awb-spacing-right-small:1.92%;--awb-spacing-left-small:1.92%;\" data-animationType=\"fadeInDown\" data-animationDuration=\"1.0\" data-animationOffset=\"top-into-view\"><div class=\"fusion-column-wrapper fusion-column-has-shadow fusion-flex-justify-content-flex-start fusion-content-layout-column\"><div class=\"fusion-title title fusion-title-1 fusion-sep-none fusion-title-text fusion-title-size-two\" style=\"--awb-margin-bottom:48px;--awb-margin-bottom-small:36px;--awb-font-size:2em;\"><h2 class=\"fusion-title-heading title-heading-left fusion-responsive-typography-calculated\" style=\"margin:0;font-size:1em;--fontSize:36;line-height:1;\">Datenschutzerkl\u00e4rung<\/h2><\/div><div class=\"fusion-text fusion-text-1\" style=\"--awb-font-size:20px;--awb-line-height:30px;\"><p>Rainer Theuer<\/p>\n<p>Buchenweg 14, 23824 Tensfeld<\/p>\n<p>Telefon: 0173-5371567<\/p>\n<p>kontakt@grossartigesoelvorkommen.de<\/p>\n<p>Verantwortlich f\u00fcr den Inhalt dieser Seiten im Sinne des \u00a7 10, Abs. 3 des Mediendienstgesetzes:<\/p>\n<p>Rainer Theuer<\/p>\n<p>Datenschutzhinweise<\/p>\n<p>Kontaktaufnahme<\/p>\n<p>Wenn Sie mittels eMail oder WWW-Formular Kontakt mit uns aufnehmen m\u00f6chten, sollten Sie wissen, dass wir Ihre pers\u00f6nlichen Daten (Name, Adresse), die Sie uns \u00fcbermitteln, elektronisch speichern, um sie f\u00fcr Kommunikationszwecke mit Ihnen zu verwenden. Wir werden Ihre Daten grunds\u00e4tzlich nicht an Dritte verkaufen oder vermieten. Eine \u00dcbermittlung an Dritte erfolgt nur, soweit die \u00dcbermittlung zur Erbringung von Ihnen in Anspruch genommener Dienste erforderlich ist oder soweit sonst gesetzlich zul\u00e4ssig. Mit der Nutzung dieser Website und der Abgabe Ihrer pers\u00f6nlichen Daten per eMail oder WWW- Formular geben Sie Ihre Einwilligung zu der hier beschriebenen Erhebung, Verarbeitung und Nutzung Ihrer pers\u00f6nlichen Daten. Sie k\u00f6nnen diese Einwilligung jederzeit widerrufen und auch die L\u00f6schung Ihrer Daten verlangen.<\/p>\n<p>Hosting und E-Mail-Versand<\/p>\n<p>Die von uns in Anspruch genommenen Hosting-Leistungen dienen der Zurverf\u00fcgungstellung der folgenden Leistungen: Infrastruktur- und Plattformdienstleistungen, Rechenkapazit\u00e4t, Speicherplatz und Datenbankdienste, E-Mail-Versand, Sicherheitsleistungen sowie technische Wartungsleistungen, die wir zum Zwecke des Betriebs dieses Onlineangebotes einsetzen.<\/p>\n<p>Hierbei verarbeiten wir, bzw. unser Hostinganbieter Bestandsdaten, Kontaktdaten, Inhaltsdaten, Vertragsdaten, Nutzungsdaten, Meta- und Kommunikationsdaten von Kunden, Interessenten und Besuchern dieses Onlineangebotes auf Grundlage unserer berechtigten Interessen an einer effizienten und sicheren Zurverf\u00fcgungstellung dieses Onlineangebotes gem. Art. 6 Abs. 1 lit. f DSGVO i.V.m. Art. 28 DSGVO (Abschluss Auftragsverarbeitungsvertrag).<\/p>\n<p>Erhebung von Zugriffsdaten und Logfiles<\/p>\n<p>Wir, bzw. unser Hostinganbieter, erhebt auf Grundlage unserer berechtigten Interessen im Sinne des Art. 6 Abs. 1 lit. f. DSGVO Daten \u00fcber jeden Zugriff auf den Server, auf dem sich dieser Dienst befindet (sogenannte Serverlogfiles). Zu den Zugriffsdaten geh\u00f6ren Name der abgerufenen Webseite, Datei, Datum und Uhrzeit des Abrufs, \u00fcbertragene Datenmenge, Meldung \u00fcber erfolgreichen Abruf, Browsertyp nebst Version, das Betriebssystem des Nutzers, Referrer URL (die zuvor besuchte Seite), IP-Adresse und der anfragende Provider.<\/p>\n<p>Logfile-Informationen werden aus Sicherheitsgr\u00fcnden (z.B. zur Aufkl\u00e4rung von Missbrauchs- oder Betrugshandlungen) f\u00fcr die Dauer von maximal 7 Tagen gespeichert und danach gel\u00f6scht. Daten, deren weitere Aufbewahrung zu Beweiszwecken erforderlich ist, sind bis zur endg\u00fcltigen Kl\u00e4rung des jeweiligen Vorfalls von der L\u00f6schung ausgenommen.<\/p>\n<\/div><\/div><\/div><\/div><\/div><\/div>\n","protected":false},"excerpt":{"rendered":"","protected":false},"author":1,"featured_media":0,"parent":0,"menu_order":0,"comment_status":"closed","ping_status":"closed","template":"100-width.php","meta":{"footnotes":""},"class_list":["post-3625","page","type-page","status-publish","hentry"],"_links":{"self":[{"href":"https:\/\/grossartigesoelvorkommen.de\/index.php?rest_route=\/wp\/v2\/pages\/3625","targetHints":{"allow":["GET"]}}],"collection":[{"href":"https:\/\/grossartigesoelvorkommen.de\/index.php?rest_route=\/wp\/v2\/pages"}],"about":[{"href":"https:\/\/grossartigesoelvorkommen.de\/index.php?rest_route=\/wp\/v2\/types\/page"}],"author":[{"embeddable":true,"href":"https:\/\/grossartigesoelvorkommen.de\/index.php?rest_route=\/wp\/v2\/users\/1"}],"replies":[{"embeddable":true,"href":"https:\/\/grossartigesoelvorkommen.de\/index.php?rest_route=%2Fwp%2Fv2%2Fcomments&post=3625"}],"version-history":[{"count":4,"href":"https:\/\/grossartigesoelvorkommen.de\/index.php?rest_route=\/wp\/v2\/pages\/3625\/revisions"}],"predecessor-version":[{"id":3641,"href":"https:\/\/grossartigesoelvorkommen.de\/index.php?rest_route=\/wp\/v2\/pages\/3625\/revisions\/3641"}],"wp:attachment":[{"href":"https:\/\/grossartigesoelvorkommen.de\/index.php?rest_route=%2Fwp%2Fv2%2Fmedia&parent=3625"}],"curies":[{"name":"wp","href":"https:\/\/api.w.org\/{rel}","templated":true}]}}